{"id":1155,"date":"2026-03-19T14:05:59","date_gmt":"2026-03-19T14:05:59","guid":{"rendered":"https:\/\/sergej.hrkttn.de\/colofon\/"},"modified":"2026-05-01T09:58:44","modified_gmt":"2026-05-01T09:58:44","slug":"colofon","status":"publish","type":"page","link":"https:\/\/sergej.hrkttn.de\/nl\/colofon\/","title":{"rendered":"Colofon"},"content":{"rendered":"<section class=\"l-section wpb_row height_medium\"><div class=\"l-section-h i-cf\"><div class=\"g-cols vc_row via_flex valign_top type_default stacking_default\"><div class=\"vc_col-sm-12 wpb_column vc_column_container\"><div class=\"vc_column-inner\"><div class=\"wpb_wrapper\"><div class=\"wpb_text_column\"><div class=\"wpb_wrapper\"><h2>Colofon<\/h2>\n<\/div><\/div><\/div><\/div><\/div><\/div><\/div><\/section><section class=\"l-section wpb_row height_medium\"><div class=\"l-section-h i-cf\"><div class=\"g-cols vc_row via_flex valign_top type_default stacking_default\"><div class=\"vc_col-sm-4 wpb_column vc_column_container\"><div class=\"vc_column-inner\"><div class=\"wpb_wrapper\"><div class=\"wpb_text_column\"><div class=\"wpb_wrapper\"><p><strong>design dental<\/strong><\/p>\n<p><span>Sergej Bauer<\/span><br \/>\n<span>Steinstr. 28<\/span><br \/>\n<span>48291 Telgte<\/span><\/p>\n<\/div><\/div><div class=\"w-separator size_custom\" style=\"height:4rem\"><\/div><\/div><\/div><\/div><div class=\"vc_col-sm-4 wpb_column vc_column_container\"><div class=\"vc_column-inner\"><div class=\"wpb_wrapper\"><div class=\"wpb_text_column\"><div class=\"wpb_wrapper\"><p><strong>Contact:<\/strong><\/p>\n<p><span>Tel.: +49 2504 922 8610<\/span><br \/>\n<span>Fax.: +49 2504 922 8612<\/span><br \/>\n<span>Mail: <\/span><a class=\"moz-txt-link-abbreviated\" href=\"mailto:info@designdental.eu\">info@designdental.eu<\/a><\/p>\n<\/div><\/div><div class=\"w-separator size_custom\" style=\"height:4rem\"><\/div><\/div><\/div><\/div><div class=\"vc_col-sm-4 wpb_column vc_column_container\"><div class=\"vc_column-inner\"><div class=\"wpb_wrapper\"><div class=\"wpb_text_column\"><div class=\"wpb_wrapper\"><p><strong>BTW-nummer:<\/strong><\/p>\n<p>overeenkomstig \u00a7 27a van de Duitse wet op de omzetbelasting:<br \/>\nDE 31 55 83 435<\/p>\n<\/div><\/div><div class=\"w-separator size_custom\" style=\"height:4rem\"><\/div><\/div><\/div><\/div><\/div><\/div><\/section><section class=\"l-section wpb_row height_medium\"><div class=\"l-section-h i-cf\"><div class=\"g-cols vc_row via_flex valign_top type_default stacking_default\"><div class=\"vc_col-sm-12 wpb_column vc_column_container\"><div class=\"vc_column-inner\"><div class=\"wpb_wrapper\"><div class=\"wpb_text_column\"><div class=\"wpb_wrapper\"><p>De Europese Commissie biedt een platform voor online geschillenbeslechting (ODR) aan: <a href=\"https:\/\/ec.europa.eu\/consumers\/odr\" target=\"_blank\" rel=\"noopener\">https:\/\/ec.europa.eu\/consumers\/odr<\/a>.<br \/>\nOns e-mailadres vindt u bovenaan in de colofon.<\/p>\n<p>Wij zijn niet bereid of verplicht om deel te nemen aan geschillenbeslechtingsprocedures voor een consumentenbemiddelingsinstantie.<\/p>\n<\/div><\/div><div class=\"w-separator size_custom\" style=\"height:4rem\"><\/div><div class=\"wpb_text_column\"><div class=\"wpb_wrapper\"><h2>Geschillenbeslechting<\/h2>\n<\/div><\/div><div class=\"w-separator size_custom\" style=\"height:4rem\"><\/div><\/div><\/div><\/div><\/div><\/div><\/section><section class=\"l-section wpb_row height_medium\"><div class=\"l-section-h i-cf\"><div class=\"g-cols vc_row via_flex valign_top type_default stacking_default\"><div class=\"vc_col-sm-12 wpb_column vc_column_container\"><div class=\"vc_column-inner\"><div class=\"wpb_wrapper\"><div class=\"w-separator size_custom\" style=\"height:4rem\"><\/div><div class=\"wpb_text_column\"><div class=\"wpb_wrapper\"><h2>Aansprakelijkheid voor de inhoud<\/h2>\n<\/div><\/div><div class=\"w-separator size_custom\" style=\"height:4rem\"><\/div><div class=\"wpb_text_column\"><div class=\"wpb_wrapper\"><p>Als dienstverlener zijn wij overeenkomstig \u00a7 7, lid 1, van de Duitse telemediawet (TMG) verantwoordelijk voor de eigen inhoud op deze pagina\u2019s volgens de algemene wetgeving. Overeenkomstig \u00a7\u00a7 8 tot en met 10 van de TMG zijn wij als dienstverlener echter niet verplicht om doorgegeven of opgeslagen informatie van derden te controleren of naar omstandigheden te zoeken die op een onrechtmatige activiteit wijzen.  <\/p>\n<p>Verplichtingen tot het verwijderen of blokkeren van het gebruik van informatie op grond van de algemene wetgeving blijven hierdoor onverlet. Aansprakelijkheid in dit verband is echter pas mogelijk vanaf het moment dat wij kennis nemen van een concrete inbreuk. Zodra wij kennis nemen van dergelijke inbreuken, zullen wij deze inhoud onmiddellijk verwijderen.<\/p>\n<\/div><\/div><\/div><\/div><\/div><\/div><\/div><\/section><section class=\"l-section wpb_row height_medium\"><div class=\"l-section-h i-cf\"><div class=\"g-cols vc_row via_flex valign_top type_default stacking_default\"><div class=\"vc_col-sm-12 wpb_column vc_column_container\"><div class=\"vc_column-inner\"><div class=\"wpb_wrapper\"><div class=\"w-separator size_custom\" style=\"height:4rem\"><\/div><div class=\"wpb_text_column\"><div class=\"wpb_wrapper\"><h2>Aansprakelijkheid voor links<\/h2>\n<\/div><\/div><div class=\"w-separator size_custom\" style=\"height:4rem\"><\/div><div class=\"wpb_text_column\"><div class=\"wpb_wrapper\"><p>Ons aanbod bevat links naar externe websites van derden, waarop wij geen invloed hebben. Daarom kunnen wij geen aansprakelijkheid aanvaarden voor deze externe inhoud. Voor de inhoud van de gelinkte pagina\u2019s is altijd de betreffende aanbieder of beheerder van de pagina\u2019s verantwoordelijk. De gelinkte pagina\u2019s zijn op het moment van het plaatsen van de link gecontroleerd op mogelijke rechtsinbreuken. Op het moment van het plaatsen van de link was er geen illegale inhoud waarneembaar.    <\/p>\n<p>Een permanente inhoudelijke controle van de gelinkte pagina\u2019s is echter niet redelijk zonder concrete aanwijzingen voor een inbreuk op het recht. Zodra wij kennis nemen van inbreuken op het recht, zullen wij dergelijke links onmiddellijk verwijderen.<\/p>\n<\/div><\/div><\/div><\/div><\/div><\/div><\/div><\/section><section class=\"l-section wpb_row height_medium\"><div class=\"l-section-h i-cf\"><div class=\"g-cols vc_row via_flex valign_top type_default stacking_default\"><div class=\"vc_col-sm-12 wpb_column vc_column_container\"><div class=\"vc_column-inner\"><div class=\"wpb_wrapper\"><div class=\"w-separator size_custom\" style=\"height:4rem\"><\/div><div class=\"wpb_text_column\"><div class=\"wpb_wrapper\"><h2>Auteursrecht<\/h2>\n<\/div><\/div><div class=\"w-separator size_custom\" style=\"height:4rem\"><\/div><div class=\"wpb_text_column\"><div class=\"wpb_wrapper\"><p><span>De door de beheerders van deze website gecre\u00eberde inhoud en werken op deze pagina\u2019s vallen onder het Duitse auteursrecht. Voor het vermenigvuldigen, bewerken, verspreiden en elke vorm van gebruik buiten de grenzen van het auteursrecht is schriftelijke toestemming van de betreffende auteur of maker vereist. Downloads en kopie\u00ebn van deze website zijn uitsluitend toegestaan voor priv\u00e9gebruik, niet voor commerci\u00eble doeleinden.  <\/span><\/p>\n<\/div><\/div><\/div><\/div><\/div><\/div><\/div><\/section><section class=\"l-section wpb_row height_medium\"><div class=\"l-section-h i-cf\"><div class=\"g-cols vc_row via_flex valign_top type_default stacking_default\"><div class=\"vc_col-sm-12 wpb_column vc_column_container\"><div class=\"vc_column-inner\"><div class=\"wpb_wrapper\"><div class=\"w-separator size_custom\" style=\"height:4rem\"><\/div><div class=\"wpb_text_column\"><div class=\"wpb_wrapper\"><h2>Fotocredits<\/h2>\n<\/div><\/div><div class=\"w-separator size_custom\" style=\"height:4rem\"><\/div><div class=\"wpb_text_column\"><div class=\"wpb_wrapper\"><p><span>Foto&#8217;s van Alex Grass Fotografie, Osnabr\u00fcck<\/span><br \/>\n<a href=\"https:\/\/www.alexgrass-photographie.de\/\" target=\"_blank\" rel=\"noopener\"><span>alexgrass-photographie.de<\/span><\/a><\/p>\n<\/div><\/div><\/div><\/div><\/div><\/div><\/div><\/section>\n","protected":false},"excerpt":{"rendered":"Colofon design dental Sergej Bauer Steinstr. 28 48291 Telgte Contact: Tel.: +49 2504 922 8610 Fax.: +49 2504 922 8612 Mail: info@designdental.eu BTW-nummer: overeenkomstig \u00a7 27a van de Duitse wet op de omzetbelasting: DE 31 55 83 435 De Europese Commissie biedt een platform voor online geschillenbeslechting (ODR) aan: https:\/\/ec.europa.eu\/consumers\/odr. Ons e-mailadres vindt u bovenaan...","protected":false},"author":1,"featured_media":0,"parent":0,"menu_order":0,"comment_status":"closed","ping_status":"closed","template":"","meta":{"footnotes":""},"class_list":["post-1155","page","type-page","status-publish","hentry"],"_links":{"self":[{"href":"https:\/\/sergej.hrkttn.de\/nl\/wp-json\/wp\/v2\/pages\/1155","targetHints":{"allow":["GET"]}}],"collection":[{"href":"https:\/\/sergej.hrkttn.de\/nl\/wp-json\/wp\/v2\/pages"}],"about":[{"href":"https:\/\/sergej.hrkttn.de\/nl\/wp-json\/wp\/v2\/types\/page"}],"author":[{"embeddable":true,"href":"https:\/\/sergej.hrkttn.de\/nl\/wp-json\/wp\/v2\/users\/1"}],"replies":[{"embeddable":true,"href":"https:\/\/sergej.hrkttn.de\/nl\/wp-json\/wp\/v2\/comments?post=1155"}],"version-history":[{"count":2,"href":"https:\/\/sergej.hrkttn.de\/nl\/wp-json\/wp\/v2\/pages\/1155\/revisions"}],"predecessor-version":[{"id":1157,"href":"https:\/\/sergej.hrkttn.de\/nl\/wp-json\/wp\/v2\/pages\/1155\/revisions\/1157"}],"wp:attachment":[{"href":"https:\/\/sergej.hrkttn.de\/nl\/wp-json\/wp\/v2\/media?parent=1155"}],"curies":[{"name":"wp","href":"https:\/\/api.w.org\/{rel}","templated":true}]}}